{"id":93,"date":"2025-01-25T01:12:16","date_gmt":"2025-01-25T01:12:16","guid":{"rendered":"https:\/\/linx.ma\/?page_id=93"},"modified":"2025-01-31T22:07:22","modified_gmt":"2025-01-31T22:07:22","slug":"acceuil","status":"publish","type":"page","link":"https:\/\/linx.ma\/","title":{"rendered":"Acceuil"},"content":{"rendered":"\t\t<div data-elementor-type=\"wp-page\" data-elementor-id=\"93\" class=\"elementor elementor-93\" data-elementor-post-type=\"page\">\n\t\t\t\t<div class=\"elementor-element elementor-element-fec1ea3 e-con-full e-flex e-con e-parent\" data-id=\"fec1ea3\" data-element_type=\"container\" data-settings=\"{&quot;background_background&quot;:&quot;classic&quot;}\">\n\t\t\t\t<div class=\"elementor-element elementor-element-11c51a3 elementor-widget__width-inherit elementor-widget elementor-widget-shortcode\" data-id=\"11c51a3\" data-element_type=\"widget\" data-widget_type=\"shortcode.default\">\n\t\t\t\t<div class=\"elementor-widget-container\">\n\t\t\t\t\t\t\t<div class=\"elementor-shortcode\">\n\t\t\t\t<p class=\"rs-p-wp-fix\"><\/p>\n\t\t\t\t<sr7-module data-alias=\"audiologie-1\" data-id=\"1\" id=\"SR7_1_1\" class=\"rs-ov-hidden\" data-version=\"6.7.27\">\n\t\t\t\t\t<sr7-adjuster><\/sr7-adjuster>\n\t\t\t\t\t<sr7-content>\n\t\t\t\t\t\t<sr7-slide id=\"SR7_1_1-1\" data-key=\"1\">\n\t\t\t\t\t\t\t<sr7-txt id=\"SR7_1_1-1-0\" class=\"sr7-layer\">Audiologie<\/sr7-txt>\n\t\t\t\t\t\t\t<sr7-txt id=\"SR7_1_1-1-1\" class=\"sr7-layer\">Red\u00e9couvrez le plaisir d'entendre chaque moment avec nos solutions audiologiques innovantes et adapt\u00e9es \u00e0 vos besoins.<\/sr7-txt>\n\t\t\t\t\t\t\t<sr7-txt id=\"SR7_1_1-1-2\" class=\"sr7-layer\">En savoir plus<\/sr7-txt>\n\t\t\t\t\t\t<\/sr7-slide>\n\t\t\t\t\t\t<sr7-slide id=\"SR7_1_1-8\" data-key=\"8\">\n\t\t\t\t\t\t\t<sr7-bg id=\"SR7_1_1-8-3\" class=\"sr7-layer\"><noscript><img decoding=\"async\" src=\"https:\/\/linx.ma\/wp-content\/uploads\/2025\/01\/Design-sans-titre-5.png\" alt=\"\" title=\"Design sans titre (5)\"><\/noscript><\/sr7-bg>\n\t\t\t\t\t\t\t<sr7-txt id=\"SR7_1_1-8-0\" class=\"sr7-layer\">Apn\u00e9e de sommeil<\/sr7-txt>\n\t\t\t\t\t\t\t<sr7-txt id=\"SR7_1_1-8-1\" class=\"sr7-layer\">Retrouvez des nuits paisibles et un sommeil r\u00e9parateur gr\u00e2ce \u00e0 nos solutions avanc\u00e9es pour l'apn\u00e9e du sommeil.<\/sr7-txt>\n\t\t\t\t\t\t\t<sr7-txt id=\"SR7_1_1-8-2\" class=\"sr7-layer\">En savoir plus<\/sr7-txt>\n\t\t\t\t\t\t<\/sr7-slide>\n\t\t\t\t\t\t<sr7-slide id=\"SR7_1_1-9\" data-key=\"9\">\n\t\t\t\t\t\t\t<sr7-bg id=\"SR7_1_1-9-3\" class=\"sr7-layer\"><noscript><img decoding=\"async\" src=\"https:\/\/linx.ma\/wp-content\/uploads\/2025\/01\/Design-sans-titre-1.jpg\" alt=\"\" title=\"Design sans titre (1)\"><\/noscript><\/sr7-bg>\n\t\t\t\t\t\t\t<sr7-txt id=\"SR7_1_1-9-0\" class=\"sr7-layer\">Instruments m\u00e9dicaux et chirurgicaux<\/sr7-txt>\n\t\t\t\t\t\t\t<sr7-txt id=\"SR7_1_1-9-1\" class=\"sr7-layer\">Optez pour la pr\u00e9cision et la fiabilit\u00e9 avec nos instruments m\u00e9dicaux et chirurgicaux de haute qualit\u00e9, con\u00e7us pour r\u00e9pondre aux exigences des professionnels de sant\u00e9.<\/sr7-txt>\n\t\t\t\t\t\t\t<sr7-txt id=\"SR7_1_1-9-2\" class=\"sr7-layer\">En savoir plus<\/sr7-txt>\n\t\t\t\t\t\t<\/sr7-slide>\n\t\t\t\t\t\t<sr7-slide id=\"SR7_1_1-2\" data-key=\"2\">\n\t\t\t\t\t\t<\/sr7-slide>\n\t\t\t\t\t<\/sr7-content>\n\t\t\t\t\t<image_lists style=\"display:none\">\n\t\t\t\t\t\t<img data-src=\"\/\/linx.ma\/wp-content\/uploads\/2025\/01\/Design-sans-titre-5.png\" data-libid=\"233\" data-lib=\"medialibrary\" title=\"Design sans titre (5)\" width=\"0\" height=\"0\" data-dbsrc=\"Ly9saW54Lm1hL3dwLWNvbnRlbnQvdXBsb2Fkcy8yMDI1LzAxL0Rlc2lnbi1zYW5zLXRpdHJlLTUucG5n\"\/>\n\t\t\t\t\t\t<img data-src=\"\/\/linx.ma\/wp-content\/uploads\/2025\/01\/Design-sans-titre-1.jpg\" data-libid=\"234\" data-lib=\"medialibrary\" title=\"Design sans titre (1)\" width=\"0\" height=\"0\" data-dbsrc=\"Ly9saW54Lm1hL3dwLWNvbnRlbnQvdXBsb2Fkcy8yMDI1LzAxL0Rlc2lnbi1zYW5zLXRpdHJlLTEuanBn\"\/>\n\t\t\t\t\t<\/image_lists>\n\t\t\t\t<\/sr7-module>\n\t\t\t\t<script>\n\t\t\t\t\tSR7.PMH ??={}; SR7.PMH[\"SR7_1_1\"] = {cn:100,state:false,fn: function() { if (_tpt!==undefined && _tpt.prepareModuleHeight !== undefined) {  _tpt.prepareModuleHeight({id:\"SR7_1_1\",el:[600,600,768,960,720],type:'standard',shdw:'0',gh:[600,600,495,376,232],gw:[1240,1240,1024,778,480],vpt:['-100px'],size:{fullWidth:true, fullHeight:false},mh:'0',onh:0,onw:0,bg:{color:'{\"orig\":\"transparent\",\"type\":\"solid\",\"string\":\"transparent\"}'}});   SR7.PMH[\"SR7_1_1\"].state=true;} else if(SR7.PMH[\"SR7_1_1\"].cn-->0)\tsetTimeout( SR7.PMH[\"SR7_1_1\"].fn,19);}};SR7.PMH[\"SR7_1_1\" ].fn();\n\t\t\t\t<\/script>\n<\/div>\n\t\t\t\t\t\t<\/div>\n\t\t\t\t<\/div>\n\t\t\t\t<\/div>\n\t\t<div class=\"elementor-element elementor-element-6a75ad7 e-flex e-con-boxed e-con e-parent\" data-id=\"6a75ad7\" data-element_type=\"container\">\n\t\t\t\t\t<div class=\"e-con-inner\">\n\t\t<div class=\"elementor-element elementor-element-05a92d6 e-con-full e-flex e-con e-child\" data-id=\"05a92d6\" data-element_type=\"container\">\n\t\t\t\t<div class=\"elementor-element elementor-element-119e5e4 elementor-widget elementor-widget-button\" data-id=\"119e5e4\" data-element_type=\"widget\" data-widget_type=\"button.default\">\n\t\t\t\t<div class=\"elementor-widget-container\">\n\t\t\t\t\t\t\t\t\t<div class=\"elementor-button-wrapper\">\n\t\t\t\t\t<a class=\"elementor-button elementor-button-link elementor-size-sm\" href=\"#\">\n\t\t\t\t\t\t<span class=\"elementor-button-content-wrapper\">\n\t\t\t\t\t\t\t\t\t<span class=\"elementor-button-text\">NOS STATISTIQUES<\/span>\n\t\t\t\t\t<\/span>\n\t\t\t\t\t<\/a>\n\t\t\t\t<\/div>\n\t\t\t\t\t\t\t\t<\/div>\n\t\t\t\t<\/div>\n\t\t\t\t<div class=\"elementor-element elementor-element-48d676f elementor-widget elementor-widget-heading\" data-id=\"48d676f\" data-element_type=\"widget\" data-widget_type=\"heading.default\">\n\t\t\t\t<div class=\"elementor-widget-container\">\n\t\t\t\t\t<h2 class=\"elementor-heading-title elementor-size-default\">Des Solutions Innovantes &amp; Des R\u00e9sultats Garantis\n\n<\/h2>\t\t\t\t<\/div>\n\t\t\t\t<\/div>\n\t\t\t\t<div class=\"elementor-element elementor-element-ec89cd2 elementor-widget elementor-widget-text-editor\" data-id=\"ec89cd2\" data-element_type=\"widget\" data-widget_type=\"text-editor.default\">\n\t\t\t\t<div class=\"elementor-widget-container\">\n\t\t\t\t\t\t\t\t\t<p>Nous nous engageons \u00e0 fournir des produits et services de qualit\u00e9 sup\u00e9rieure, adapt\u00e9s aux besoins des professionnels de la sant\u00e9 et des particuliers. Avec des ann\u00e9es d&rsquo;exp\u00e9rience, nous sommes fiers d&rsquo;avoir gagn\u00e9 la confiance de nos clients \u00e0 travers des solutions fiables, efficaces et innovantes.<\/p>\t\t\t\t\t\t\t\t<\/div>\n\t\t\t\t<\/div>\n\t\t<div class=\"elementor-element elementor-element-a36b652 e-con-full e-flex e-con e-child\" data-id=\"a36b652\" data-element_type=\"container\" data-settings=\"{&quot;background_background&quot;:&quot;gradient&quot;}\">\n\t\t<div class=\"elementor-element elementor-element-942c84b e-con-full e-flex e-con e-child\" data-id=\"942c84b\" data-element_type=\"container\">\n\t\t\t\t<div class=\"elementor-element elementor-element-8caa608 elementor-widget elementor-widget-heading\" data-id=\"8caa608\" data-element_type=\"widget\" data-widget_type=\"heading.default\">\n\t\t\t\t<div class=\"elementor-widget-container\">\n\t\t\t\t\t<h2 class=\"elementor-heading-title elementor-size-default\">80K+\n<\/h2>\t\t\t\t<\/div>\n\t\t\t\t<\/div>\n\t\t\t\t<div class=\"elementor-element elementor-element-e0e0ca5 elementor-widget elementor-widget-heading\" data-id=\"e0e0ca5\" data-element_type=\"widget\" data-widget_type=\"heading.default\">\n\t\t\t\t<div class=\"elementor-widget-container\">\n\t\t\t\t\t<h4 class=\"elementor-heading-title elementor-size-default\">Clients satisfaits\n\n<\/h4>\t\t\t\t<\/div>\n\t\t\t\t<\/div>\n\t\t\t\t<\/div>\n\t\t<div class=\"elementor-element elementor-element-c9aa559 e-con-full e-flex e-con e-child\" data-id=\"c9aa559\" data-element_type=\"container\">\n\t\t\t\t<div class=\"elementor-element elementor-element-999ebd6 elementor-widget elementor-widget-heading\" data-id=\"999ebd6\" data-element_type=\"widget\" data-widget_type=\"heading.default\">\n\t\t\t\t<div class=\"elementor-widget-container\">\n\t\t\t\t\t<h2 class=\"elementor-heading-title elementor-size-default\"><strong>1K+<\/strong><\/h2>\t\t\t\t<\/div>\n\t\t\t\t<\/div>\n\t\t\t\t<div class=\"elementor-element elementor-element-f257074 elementor-widget elementor-widget-heading\" data-id=\"f257074\" data-element_type=\"widget\" data-widget_type=\"heading.default\">\n\t\t\t\t<div class=\"elementor-widget-container\">\n\t\t\t\t\t<h4 class=\"elementor-heading-title elementor-size-default\">Partenaires professionnels\n\n<\/h4>\t\t\t\t<\/div>\n\t\t\t\t<\/div>\n\t\t\t\t<\/div>\n\t\t<div class=\"elementor-element elementor-element-5aa00a7 e-con-full e-flex e-con e-child\" data-id=\"5aa00a7\" data-element_type=\"container\">\n\t\t\t\t<div class=\"elementor-element elementor-element-0cc1ed8 elementor-widget elementor-widget-heading\" data-id=\"0cc1ed8\" data-element_type=\"widget\" data-widget_type=\"heading.default\">\n\t\t\t\t<div class=\"elementor-widget-container\">\n\t\t\t\t\t<h2 class=\"elementor-heading-title elementor-size-default\"><strong>500+<\/strong><\/h2>\t\t\t\t<\/div>\n\t\t\t\t<\/div>\n\t\t\t\t<div class=\"elementor-element elementor-element-7103bc4 elementor-widget elementor-widget-heading\" data-id=\"7103bc4\" data-element_type=\"widget\" data-widget_type=\"heading.default\">\n\t\t\t\t<div class=\"elementor-widget-container\">\n\t\t\t\t\t<h4 class=\"elementor-heading-title elementor-size-default\"><p><strong>Produits disponibles<\/strong><span style=\"font-family: var( --e-global-typography-primary-font-family ), Sans-serif;font-size: 1.5rem;font-weight: var( --e-global-typography-primary-font-weight );background-color: transparent\"><\/span><\/p><\/h4>\t\t\t\t<\/div>\n\t\t\t\t<\/div>\n\t\t\t\t<\/div>\n\t\t\t\t<\/div>\n\t\t\t\t<\/div>\n\t\t<div class=\"elementor-element elementor-element-a106c46 e-con-full e-flex e-con e-child\" data-id=\"a106c46\" data-element_type=\"container\">\n\t\t\t\t<div class=\"elementor-element elementor-element-84a4aa1 elementor-widget elementor-widget-image\" data-id=\"84a4aa1\" data-element_type=\"widget\" data-widget_type=\"image.default\">\n\t\t\t\t<div class=\"elementor-widget-container\">\n\t\t\t\t\t\t\t\t\t\t\t\t\t\t\t<img decoding=\"async\" src=\"https:\/\/linx.ma\/wp-content\/uploads\/2025\/01\/WhatsApp-Image-2025-01-27-a-16.52.49_c69e271d.jpg\" title=\"\" alt=\"\" loading=\"lazy\" \/>\t\t\t\t\t\t\t\t\t\t\t\t\t\t\t<\/div>\n\t\t\t\t<\/div>\n\t\t\t\t<\/div>\n\t\t\t\t\t<\/div>\n\t\t\t\t<\/div>\n\t\t\t\t<\/div>\n\t\t","protected":false},"excerpt":{"rendered":"<p>NOS STATISTIQUES Des Solutions Innovantes &amp; Des R\u00e9sultats Garantis Nous nous engageons \u00e0 fournir des produits et services de qualit\u00e9 sup\u00e9rieure, adapt\u00e9s aux besoins des professionnels de la sant\u00e9 et des particuliers. Avec des ann\u00e9es d&rsquo;exp\u00e9rience, nous sommes fiers d&rsquo;avoir gagn\u00e9 la confiance de nos clients \u00e0 travers des solutions fiables, efficaces et innovantes. 80K+ [&hellip;]<\/p>\n","protected":false},"author":1,"featured_media":0,"parent":0,"menu_order":0,"comment_status":"closed","ping_status":"closed","template":"","meta":{"footnotes":""},"class_list":["post-93","page","type-page","status-publish","hentry"],"_links":{"self":[{"href":"https:\/\/linx.ma\/index.php\/wp-json\/wp\/v2\/pages\/93","targetHints":{"allow":["GET"]}}],"collection":[{"href":"https:\/\/linx.ma\/index.php\/wp-json\/wp\/v2\/pages"}],"about":[{"href":"https:\/\/linx.ma\/index.php\/wp-json\/wp\/v2\/types\/page"}],"author":[{"embeddable":true,"href":"https:\/\/linx.ma\/index.php\/wp-json\/wp\/v2\/users\/1"}],"replies":[{"embeddable":true,"href":"https:\/\/linx.ma\/index.php\/wp-json\/wp\/v2\/comments?post=93"}],"version-history":[{"count":110,"href":"https:\/\/linx.ma\/index.php\/wp-json\/wp\/v2\/pages\/93\/revisions"}],"predecessor-version":[{"id":675,"href":"https:\/\/linx.ma\/index.php\/wp-json\/wp\/v2\/pages\/93\/revisions\/675"}],"wp:attachment":[{"href":"https:\/\/linx.ma\/index.php\/wp-json\/wp\/v2\/media?parent=93"}],"curies":[{"name":"wp","href":"https:\/\/api.w.org\/{rel}","templated":true}]}}