{"id":293,"date":"2025-01-26T02:03:23","date_gmt":"2025-01-26T02:03:23","guid":{"rendered":"https:\/\/linx.ma\/?post_type=product&#038;p=293"},"modified":"2025-01-26T02:03:24","modified_gmt":"2025-01-26T02:03:24","slug":"oxymetre-de-pouls","status":"publish","type":"product","link":"https:\/\/linx.ma\/index.php\/produit\/oxymetre-de-pouls\/","title":{"rendered":"Oxym\u00e8tre de pouls"},"content":{"rendered":"<pre id=\"tw-target-text\" class=\"tw-data-text tw-text-large tw-ta\" dir=\"ltr\" data-placeholder=\"Traduction\" data-ved=\"2ahUKEwi9r8mApZKLAxW2TaQEHdOHDtsQ3ewLegQIBxAW\" aria-label=\"Texte traduit\u00a0: Oxym\u00e8tre de pouls D510\/D570 Technologie du bout des doigts Mesure avec pr\u00e9cision l'oxyg\u00e8ne dans le sang Mesure pr\u00e9cise Fonctionnement \u00e0 un seul bouton D\u00e9tection de la gravit\u00e9 Connexion Bluetooth\"><span class=\"Y2IQFc\" lang=\"fr\">Oxym\u00e8tre de pouls D510\/D570 Technologie du bout des doigts Mesure avec pr\u00e9cision l'oxyg\u00e8ne dans le sang Mesure pr\u00e9cise Fonctionnement \u00e0 un seul bouton D\u00e9tection de la gravit\u00e9 Connexion Bluetooth<\/span><\/pre>\n","protected":false},"excerpt":{"rendered":"<p>Oxym\u00e8tre de pouls D510\/D570 Technologie du bout des doigts Mesure avec pr\u00e9cision l&rsquo;oxyg\u00e8ne dans le sang Mesure pr\u00e9cise Fonctionnement \u00e0 un seul bouton D\u00e9tection de la gravit\u00e9 Connexion Bluetooth<\/p>\n","protected":false},"featured_media":294,"comment_status":"open","ping_status":"closed","template":"","meta":[],"product_brand":[],"product_cat":[21,28],"product_tag":[],"class_list":{"0":"post-293","1":"product","2":"type-product","3":"status-publish","4":"has-post-thumbnail","6":"product_cat-apnee-de-sommeil","7":"product_cat-diagnostic","9":"first","10":"instock","11":"shipping-taxable","12":"product-type-simple"},"_links":{"self":[{"href":"https:\/\/linx.ma\/index.php\/wp-json\/wp\/v2\/product\/293","targetHints":{"allow":["GET"]}}],"collection":[{"href":"https:\/\/linx.ma\/index.php\/wp-json\/wp\/v2\/product"}],"about":[{"href":"https:\/\/linx.ma\/index.php\/wp-json\/wp\/v2\/types\/product"}],"replies":[{"embeddable":true,"href":"https:\/\/linx.ma\/index.php\/wp-json\/wp\/v2\/comments?post=293"}],"version-history":[{"count":0,"href":"https:\/\/linx.ma\/index.php\/wp-json\/wp\/v2\/product\/293\/revisions"}],"wp:featuredmedia":[{"embeddable":true,"href":"https:\/\/linx.ma\/index.php\/wp-json\/wp\/v2\/media\/294"}],"wp:attachment":[{"href":"https:\/\/linx.ma\/index.php\/wp-json\/wp\/v2\/media?parent=293"}],"wp:term":[{"taxonomy":"product_brand","embeddable":true,"href":"https:\/\/linx.ma\/index.php\/wp-json\/wp\/v2\/product_brand?post=293"},{"taxonomy":"product_cat","embeddable":true,"href":"https:\/\/linx.ma\/index.php\/wp-json\/wp\/v2\/product_cat?post=293"},{"taxonomy":"product_tag","embeddable":true,"href":"https:\/\/linx.ma\/index.php\/wp-json\/wp\/v2\/product_tag?post=293"}],"curies":[{"name":"wp","href":"https:\/\/api.w.org\/{rel}","templated":true}]}}