{"id":307,"date":"2025-01-26T19:23:51","date_gmt":"2025-01-26T19:23:51","guid":{"rendered":"https:\/\/linx.ma\/?post_type=product&#038;p=307"},"modified":"2025-01-26T19:23:51","modified_gmt":"2025-01-26T19:23:51","slug":"polysomnographie-complete-portable-sf-a30s-ventmed-psg","status":"publish","type":"product","link":"https:\/\/linx.ma\/index.php\/produit\/polysomnographie-complete-portable-sf-a30s-ventmed-psg\/","title":{"rendered":"Polysomnographie compl\u00e8te portable SF-A30S Ventmed PSG"},"content":{"rendered":"<p>Le polysomnographe Ventmed est un ensemble d&rsquo;appareils qui peuvent collecter, afficher, stocker et analyser les donn\u00e9es physiologiques respiratoires. Il peut \u00eatre utilis\u00e9 pour l&rsquo;analyse et le d\u00e9pistage des maladies li\u00e9es aux troubles du sommeil. Avec un excellent circuit et une conception d&rsquo;apparence exquise, une structure raisonnable, un fonctionnement s\u00fbr, une facilit\u00e9 et une flexibilit\u00e9<\/p>\n","protected":false},"excerpt":{"rendered":"<p>Le polysomnographe Ventmed est un ensemble d&rsquo;appareils qui peuvent collecter, afficher, stocker et analyser les donn\u00e9es physiologiques respiratoires. Il peut \u00eatre utilis\u00e9 pour l&rsquo;analyse et le d\u00e9pistage des maladies li\u00e9es aux troubles du sommeil. Avec un excellent circuit et une conception d&rsquo;apparence exquise, une structure raisonnable, un fonctionnement s\u00fbr, une facilit\u00e9 et une flexibilit\u00e9<\/p>\n","protected":false},"featured_media":308,"comment_status":"open","ping_status":"closed","template":"","meta":[],"product_brand":[],"product_cat":[21,28],"product_tag":[],"class_list":{"0":"post-307","1":"product","2":"type-product","3":"status-publish","4":"has-post-thumbnail","6":"product_cat-apnee-de-sommeil","7":"product_cat-diagnostic","9":"first","10":"instock","11":"shipping-taxable","12":"product-type-simple"},"_links":{"self":[{"href":"https:\/\/linx.ma\/index.php\/wp-json\/wp\/v2\/product\/307","targetHints":{"allow":["GET"]}}],"collection":[{"href":"https:\/\/linx.ma\/index.php\/wp-json\/wp\/v2\/product"}],"about":[{"href":"https:\/\/linx.ma\/index.php\/wp-json\/wp\/v2\/types\/product"}],"replies":[{"embeddable":true,"href":"https:\/\/linx.ma\/index.php\/wp-json\/wp\/v2\/comments?post=307"}],"version-history":[{"count":0,"href":"https:\/\/linx.ma\/index.php\/wp-json\/wp\/v2\/product\/307\/revisions"}],"wp:featuredmedia":[{"embeddable":true,"href":"https:\/\/linx.ma\/index.php\/wp-json\/wp\/v2\/media\/308"}],"wp:attachment":[{"href":"https:\/\/linx.ma\/index.php\/wp-json\/wp\/v2\/media?parent=307"}],"wp:term":[{"taxonomy":"product_brand","embeddable":true,"href":"https:\/\/linx.ma\/index.php\/wp-json\/wp\/v2\/product_brand?post=307"},{"taxonomy":"product_cat","embeddable":true,"href":"https:\/\/linx.ma\/index.php\/wp-json\/wp\/v2\/product_cat?post=307"},{"taxonomy":"product_tag","embeddable":true,"href":"https:\/\/linx.ma\/index.php\/wp-json\/wp\/v2\/product_tag?post=307"}],"curies":[{"name":"wp","href":"https:\/\/api.w.org\/{rel}","templated":true}]}}