{"id":317,"date":"2025-01-26T19:34:57","date_gmt":"2025-01-26T19:34:57","guid":{"rendered":"https:\/\/linx.ma\/?post_type=product&#038;p=317"},"modified":"2025-02-01T16:06:07","modified_gmt":"2025-02-01T16:06:07","slug":"df-25w-hm","status":"publish","type":"product","link":"https:\/\/linx.ma\/index.php\/produit\/df-25w-hm\/","title":{"rendered":"DF-25W-HM"},"content":{"rendered":"<p>Le bipap de la s\u00e9rie DF peut \u00eatre utilis\u00e9 pour le traitement \u00e0 domicile et \u00e0 l&rsquo;h\u00f4pital des patients adultes souffrant d&rsquo;apn\u00e9e du sommeil associ\u00e9e \u00e0 une BPCO et \u00e0 un syndrome d&rsquo;hypoventilation ob\u00e9sit\u00e9.<\/p>\n","protected":false},"excerpt":{"rendered":"<p>Le bipap de la s\u00e9rie DF peut \u00eatre utilis\u00e9 pour le traitement \u00e0 domicile et \u00e0 l&rsquo;h\u00f4pital des patients adultes souffrant d&rsquo;apn\u00e9e du sommeil associ\u00e9e \u00e0 une BPCO et \u00e0 un syndrome d&rsquo;hypoventilation ob\u00e9sit\u00e9.<\/p>\n","protected":false},"featured_media":318,"comment_status":"open","ping_status":"closed","template":"","meta":[],"product_brand":[],"product_cat":[21,27],"product_tag":[],"class_list":{"0":"post-317","1":"product","2":"type-product","3":"status-publish","4":"has-post-thumbnail","6":"product_cat-apnee-de-sommeil","7":"product_cat-traitement","9":"first","10":"instock","11":"shipping-taxable","12":"purchasable","13":"product-type-simple"},"_links":{"self":[{"href":"https:\/\/linx.ma\/index.php\/wp-json\/wp\/v2\/product\/317","targetHints":{"allow":["GET"]}}],"collection":[{"href":"https:\/\/linx.ma\/index.php\/wp-json\/wp\/v2\/product"}],"about":[{"href":"https:\/\/linx.ma\/index.php\/wp-json\/wp\/v2\/types\/product"}],"replies":[{"embeddable":true,"href":"https:\/\/linx.ma\/index.php\/wp-json\/wp\/v2\/comments?post=317"}],"version-history":[{"count":1,"href":"https:\/\/linx.ma\/index.php\/wp-json\/wp\/v2\/product\/317\/revisions"}],"predecessor-version":[{"id":709,"href":"https:\/\/linx.ma\/index.php\/wp-json\/wp\/v2\/product\/317\/revisions\/709"}],"wp:featuredmedia":[{"embeddable":true,"href":"https:\/\/linx.ma\/index.php\/wp-json\/wp\/v2\/media\/318"}],"wp:attachment":[{"href":"https:\/\/linx.ma\/index.php\/wp-json\/wp\/v2\/media?parent=317"}],"wp:term":[{"taxonomy":"product_brand","embeddable":true,"href":"https:\/\/linx.ma\/index.php\/wp-json\/wp\/v2\/product_brand?post=317"},{"taxonomy":"product_cat","embeddable":true,"href":"https:\/\/linx.ma\/index.php\/wp-json\/wp\/v2\/product_cat?post=317"},{"taxonomy":"product_tag","embeddable":true,"href":"https:\/\/linx.ma\/index.php\/wp-json\/wp\/v2\/product_tag?post=317"}],"curies":[{"name":"wp","href":"https:\/\/api.w.org\/{rel}","templated":true}]}}