{"id":323,"date":"2025-01-26T19:40:46","date_gmt":"2025-01-26T19:40:46","guid":{"rendered":"https:\/\/linx.ma\/?post_type=product&#038;p=323"},"modified":"2025-02-01T16:05:29","modified_gmt":"2025-02-01T16:05:29","slug":"serie-rx-non-invasive","status":"publish","type":"product","link":"https:\/\/linx.ma\/index.php\/produit\/serie-rx-non-invasive\/","title":{"rendered":"S\u00e9rie RX non invasive"},"content":{"rendered":"<p>Les ventilateurs m\u00e9dicaux de la s\u00e9rie RX conviennent \u00e0 la gestion \u00e0 domicile et \u00e0 l&rsquo;h\u00f4pital des patients adultes atteints de bronchopneumopathie chronique obstructive (BPCO), de syndrome d&rsquo;ob\u00e9sit\u00e9-hypoventilation (SOH), d&rsquo;insuffisance respiratoire et d&rsquo;insuffisance respiratoire l\u00e9g\u00e8re \u00e0 mod\u00e9r\u00e9e.<\/p>\n","protected":false},"excerpt":{"rendered":"<p>Les ventilateurs m\u00e9dicaux de la s\u00e9rie RX conviennent \u00e0 la gestion \u00e0 domicile et \u00e0 l&rsquo;h\u00f4pital des patients adultes atteints de bronchopneumopathie chronique obstructive (BPCO), de syndrome d&rsquo;ob\u00e9sit\u00e9-hypoventilation (SOH), d&rsquo;insuffisance respiratoire et d&rsquo;insuffisance respiratoire l\u00e9g\u00e8re \u00e0 mod\u00e9r\u00e9e.<\/p>\n","protected":false},"featured_media":325,"comment_status":"open","ping_status":"closed","template":"","meta":[],"product_brand":[],"product_cat":[21,27],"product_tag":[],"class_list":{"0":"post-323","1":"product","2":"type-product","3":"status-publish","4":"has-post-thumbnail","6":"product_cat-apnee-de-sommeil","7":"product_cat-traitement","9":"first","10":"instock","11":"shipping-taxable","12":"purchasable","13":"product-type-simple"},"_links":{"self":[{"href":"https:\/\/linx.ma\/index.php\/wp-json\/wp\/v2\/product\/323","targetHints":{"allow":["GET"]}}],"collection":[{"href":"https:\/\/linx.ma\/index.php\/wp-json\/wp\/v2\/product"}],"about":[{"href":"https:\/\/linx.ma\/index.php\/wp-json\/wp\/v2\/types\/product"}],"replies":[{"embeddable":true,"href":"https:\/\/linx.ma\/index.php\/wp-json\/wp\/v2\/comments?post=323"}],"version-history":[{"count":1,"href":"https:\/\/linx.ma\/index.php\/wp-json\/wp\/v2\/product\/323\/revisions"}],"predecessor-version":[{"id":705,"href":"https:\/\/linx.ma\/index.php\/wp-json\/wp\/v2\/product\/323\/revisions\/705"}],"wp:featuredmedia":[{"embeddable":true,"href":"https:\/\/linx.ma\/index.php\/wp-json\/wp\/v2\/media\/325"}],"wp:attachment":[{"href":"https:\/\/linx.ma\/index.php\/wp-json\/wp\/v2\/media?parent=323"}],"wp:term":[{"taxonomy":"product_brand","embeddable":true,"href":"https:\/\/linx.ma\/index.php\/wp-json\/wp\/v2\/product_brand?post=323"},{"taxonomy":"product_cat","embeddable":true,"href":"https:\/\/linx.ma\/index.php\/wp-json\/wp\/v2\/product_cat?post=323"},{"taxonomy":"product_tag","embeddable":true,"href":"https:\/\/linx.ma\/index.php\/wp-json\/wp\/v2\/product_tag?post=323"}],"curies":[{"name":"wp","href":"https:\/\/api.w.org\/{rel}","templated":true}]}}