{"id":326,"date":"2025-01-26T19:42:12","date_gmt":"2025-01-26T19:42:12","guid":{"rendered":"https:\/\/linx.ma\/?post_type=product&#038;p=326"},"modified":"2025-02-01T16:05:19","modified_gmt":"2025-02-01T16:05:19","slug":"auto-bipap-vm-8","status":"publish","type":"product","link":"https:\/\/linx.ma\/index.php\/produit\/auto-bipap-vm-8\/","title":{"rendered":"Auto BIPAP VM-8"},"content":{"rendered":"<p>Excellentes performances de synchronisation patient-appareil, s&rsquo;applique aux h\u00f4pitaux et \u00e0 la maison, fournit une assistance \u00e0 la ventilation et un soutien respiratoire.<\/p>\n","protected":false},"excerpt":{"rendered":"<p>Excellentes performances de synchronisation patient-appareil, s&rsquo;applique aux h\u00f4pitaux et \u00e0 la maison, fournit une assistance \u00e0 la ventilation et un soutien respiratoire.<\/p>\n","protected":false},"featured_media":327,"comment_status":"open","ping_status":"closed","template":"","meta":[],"product_brand":[],"product_cat":[21,27],"product_tag":[],"class_list":{"0":"post-326","1":"product","2":"type-product","3":"status-publish","4":"has-post-thumbnail","6":"product_cat-apnee-de-sommeil","7":"product_cat-traitement","9":"first","10":"instock","11":"shipping-taxable","12":"purchasable","13":"product-type-simple"},"_links":{"self":[{"href":"https:\/\/linx.ma\/index.php\/wp-json\/wp\/v2\/product\/326","targetHints":{"allow":["GET"]}}],"collection":[{"href":"https:\/\/linx.ma\/index.php\/wp-json\/wp\/v2\/product"}],"about":[{"href":"https:\/\/linx.ma\/index.php\/wp-json\/wp\/v2\/types\/product"}],"replies":[{"embeddable":true,"href":"https:\/\/linx.ma\/index.php\/wp-json\/wp\/v2\/comments?post=326"}],"version-history":[{"count":1,"href":"https:\/\/linx.ma\/index.php\/wp-json\/wp\/v2\/product\/326\/revisions"}],"predecessor-version":[{"id":704,"href":"https:\/\/linx.ma\/index.php\/wp-json\/wp\/v2\/product\/326\/revisions\/704"}],"wp:featuredmedia":[{"embeddable":true,"href":"https:\/\/linx.ma\/index.php\/wp-json\/wp\/v2\/media\/327"}],"wp:attachment":[{"href":"https:\/\/linx.ma\/index.php\/wp-json\/wp\/v2\/media?parent=326"}],"wp:term":[{"taxonomy":"product_brand","embeddable":true,"href":"https:\/\/linx.ma\/index.php\/wp-json\/wp\/v2\/product_brand?post=326"},{"taxonomy":"product_cat","embeddable":true,"href":"https:\/\/linx.ma\/index.php\/wp-json\/wp\/v2\/product_cat?post=326"},{"taxonomy":"product_tag","embeddable":true,"href":"https:\/\/linx.ma\/index.php\/wp-json\/wp\/v2\/product_tag?post=326"}],"curies":[{"name":"wp","href":"https:\/\/api.w.org\/{rel}","templated":true}]}}