{"id":338,"date":"2025-01-26T19:50:20","date_gmt":"2025-01-26T19:50:20","guid":{"rendered":"https:\/\/linx.ma\/?post_type=product&#038;p=338"},"modified":"2025-02-01T16:03:31","modified_gmt":"2025-02-01T16:03:31","slug":"nasal-masks-betterfit-pm2p","status":"publish","type":"product","link":"https:\/\/linx.ma\/index.php\/produit\/nasal-masks-betterfit-pm2p\/","title":{"rendered":"Masques nasaux BetterFit PM2P"},"content":{"rendered":"<p>Tissu Velcro haute r\u00e9sistance, durable, lavable et offrant une adh\u00e9rence durable tout au long de l&rsquo;ann\u00e9e.<\/p>\n","protected":false},"excerpt":{"rendered":"<p>Tissu Velcro haute r\u00e9sistance, durable, lavable et offrant une adh\u00e9rence durable tout au long de l&rsquo;ann\u00e9e.<\/p>\n","protected":false},"featured_media":340,"comment_status":"open","ping_status":"closed","template":"","meta":[],"product_brand":[],"product_cat":[29,21],"product_tag":[],"class_list":{"0":"post-338","1":"product","2":"type-product","3":"status-publish","4":"has-post-thumbnail","6":"product_cat-accessoires","7":"product_cat-apnee-de-sommeil","9":"first","10":"instock","11":"shipping-taxable","12":"purchasable","13":"product-type-simple"},"_links":{"self":[{"href":"https:\/\/linx.ma\/index.php\/wp-json\/wp\/v2\/product\/338","targetHints":{"allow":["GET"]}}],"collection":[{"href":"https:\/\/linx.ma\/index.php\/wp-json\/wp\/v2\/product"}],"about":[{"href":"https:\/\/linx.ma\/index.php\/wp-json\/wp\/v2\/types\/product"}],"replies":[{"embeddable":true,"href":"https:\/\/linx.ma\/index.php\/wp-json\/wp\/v2\/comments?post=338"}],"version-history":[{"count":1,"href":"https:\/\/linx.ma\/index.php\/wp-json\/wp\/v2\/product\/338\/revisions"}],"predecessor-version":[{"id":698,"href":"https:\/\/linx.ma\/index.php\/wp-json\/wp\/v2\/product\/338\/revisions\/698"}],"wp:featuredmedia":[{"embeddable":true,"href":"https:\/\/linx.ma\/index.php\/wp-json\/wp\/v2\/media\/340"}],"wp:attachment":[{"href":"https:\/\/linx.ma\/index.php\/wp-json\/wp\/v2\/media?parent=338"}],"wp:term":[{"taxonomy":"product_brand","embeddable":true,"href":"https:\/\/linx.ma\/index.php\/wp-json\/wp\/v2\/product_brand?post=338"},{"taxonomy":"product_cat","embeddable":true,"href":"https:\/\/linx.ma\/index.php\/wp-json\/wp\/v2\/product_cat?post=338"},{"taxonomy":"product_tag","embeddable":true,"href":"https:\/\/linx.ma\/index.php\/wp-json\/wp\/v2\/product_tag?post=338"}],"curies":[{"name":"wp","href":"https:\/\/api.w.org\/{rel}","templated":true}]}}